{"id":1103,"date":"2018-10-11T12:36:17","date_gmt":"2018-10-11T12:36:17","guid":{"rendered":"https:\/\/dev.sauteriberica.com\/homepage\/"},"modified":"2022-06-16T12:32:40","modified_gmt":"2022-06-16T12:32:40","slug":"homepage","status":"publish","type":"page","link":"https:\/\/www.sauteriberica.com\/pt-pt\/","title":{"rendered":"Homepage"},"content":{"rendered":"","protected":false},"excerpt":{"rendered":"","protected":false},"author":1,"featured_media":0,"parent":0,"menu_order":6,"comment_status":"closed","ping_status":"closed","template":"front-page.php","meta":{"_acf_changed":false,"footnotes":""},"class_list":["post-1103","page","type-page","status-publish","hentry"],"acf":[],"yoast_head":"<!-- This site is optimized with the Yoast SEO plugin v26.1.1 - https:\/\/yoast.com\/wordpress\/plugins\/seo\/ -->\n<title>SAUTER Ib\u00e9rica<\/title>\n<meta name=\"description\" content=\"A SAUTER \u00e9 l\u00edder no fornecimento de solu\u00e7\u00f5es nos setores de automa\u00e7\u00e3o e controlo, gest\u00e3o t\u00e9cnica de energia e de instala\u00e7\u00f5es (FM-Facility Management).\" \/>\n<meta name=\"robots\" content=\"index, follow, max-snippet:-1, max-image-preview:large, max-video-preview:-1\" \/>\n<link rel=\"canonical\" href=\"https:\/\/www.sauteriberica.com\/pt-pt\/\" \/>\n<meta property=\"og:locale\" content=\"pt_PT\" \/>\n<meta property=\"og:type\" content=\"article\" \/>\n<meta property=\"og:title\" content=\"SAUTER Ib\u00e9rica\" \/>\n<meta property=\"og:description\" content=\"A SAUTER \u00e9 l\u00edder no fornecimento de solu\u00e7\u00f5es nos setores de automa\u00e7\u00e3o e controlo, gest\u00e3o t\u00e9cnica de energia e de instala\u00e7\u00f5es (FM-Facility Management).\" \/>\n<meta property=\"og:url\" content=\"https:\/\/www.sauteriberica.com\/pt-pt\/\" \/>\n<meta property=\"og:site_name\" content=\"Sauter Ib\u00e9rica\" \/>\n<meta property=\"article:modified_time\" content=\"2022-06-16T12:32:40+00:00\" \/>\n<meta name=\"twitter:card\" content=\"summary_large_image\" \/>\n<script type=\"application\/ld+json\" class=\"yoast-schema-graph\">{\"@context\":\"https:\/\/schema.org\",\"@graph\":[{\"@type\":\"WebPage\",\"@id\":\"https:\/\/www.sauteriberica.com\/pt-pt\/\",\"url\":\"https:\/\/www.sauteriberica.com\/pt-pt\/\",\"name\":\"SAUTER Ib\u00e9rica\",\"isPartOf\":{\"@id\":\"https:\/\/www.sauteriberica.com\/#website\"},\"datePublished\":\"2018-10-11T12:36:17+00:00\",\"dateModified\":\"2022-06-16T12:32:40+00:00\",\"description\":\"A SAUTER \u00e9 l\u00edder no fornecimento de solu\u00e7\u00f5es nos setores de automa\u00e7\u00e3o e controlo, gest\u00e3o t\u00e9cnica de energia e de instala\u00e7\u00f5es (FM-Facility Management).\",\"breadcrumb\":{\"@id\":\"https:\/\/www.sauteriberica.com\/pt-pt\/#breadcrumb\"},\"inLanguage\":\"pt-PT\",\"potentialAction\":[{\"@type\":\"ReadAction\",\"target\":[\"https:\/\/www.sauteriberica.com\/pt-pt\/\"]}]},{\"@type\":\"BreadcrumbList\",\"@id\":\"https:\/\/www.sauteriberica.com\/pt-pt\/#breadcrumb\",\"itemListElement\":[{\"@type\":\"ListItem\",\"position\":1,\"name\":\"Home\",\"item\":\"https:\/\/www.sauteriberica.com\/pt-pt\/\"},{\"@type\":\"ListItem\",\"position\":2,\"name\":\"Homepage\"}]},{\"@type\":\"WebSite\",\"@id\":\"https:\/\/www.sauteriberica.com\/#website\",\"url\":\"https:\/\/www.sauteriberica.com\/\",\"name\":\"Sauter Ib\u00e9rica\",\"description\":\"Just another Sauter Controls site\",\"potentialAction\":[{\"@type\":\"SearchAction\",\"target\":{\"@type\":\"EntryPoint\",\"urlTemplate\":\"https:\/\/www.sauteriberica.com\/?s={search_term_string}\"},\"query-input\":{\"@type\":\"PropertyValueSpecification\",\"valueRequired\":true,\"valueName\":\"search_term_string\"}}],\"inLanguage\":\"pt-PT\"}]}<\/script>\n<!-- \/ Yoast SEO plugin. -->","yoast_head_json":{"title":"SAUTER Ib\u00e9rica","description":"A SAUTER \u00e9 l\u00edder no fornecimento de solu\u00e7\u00f5es nos setores de automa\u00e7\u00e3o e controlo, gest\u00e3o t\u00e9cnica de energia e de instala\u00e7\u00f5es (FM-Facility Management).","robots":{"index":"index","follow":"follow","max-snippet":"max-snippet:-1","max-image-preview":"max-image-preview:large","max-video-preview":"max-video-preview:-1"},"canonical":"https:\/\/www.sauteriberica.com\/pt-pt\/","og_locale":"pt_PT","og_type":"article","og_title":"SAUTER Ib\u00e9rica","og_description":"A SAUTER \u00e9 l\u00edder no fornecimento de solu\u00e7\u00f5es nos setores de automa\u00e7\u00e3o e controlo, gest\u00e3o t\u00e9cnica de energia e de instala\u00e7\u00f5es (FM-Facility Management).","og_url":"https:\/\/www.sauteriberica.com\/pt-pt\/","og_site_name":"Sauter Ib\u00e9rica","article_modified_time":"2022-06-16T12:32:40+00:00","twitter_card":"summary_large_image","schema":{"@context":"https:\/\/schema.org","@graph":[{"@type":"WebPage","@id":"https:\/\/www.sauteriberica.com\/pt-pt\/","url":"https:\/\/www.sauteriberica.com\/pt-pt\/","name":"SAUTER Ib\u00e9rica","isPartOf":{"@id":"https:\/\/www.sauteriberica.com\/#website"},"datePublished":"2018-10-11T12:36:17+00:00","dateModified":"2022-06-16T12:32:40+00:00","description":"A SAUTER \u00e9 l\u00edder no fornecimento de solu\u00e7\u00f5es nos setores de automa\u00e7\u00e3o e controlo, gest\u00e3o t\u00e9cnica de energia e de instala\u00e7\u00f5es (FM-Facility Management).","breadcrumb":{"@id":"https:\/\/www.sauteriberica.com\/pt-pt\/#breadcrumb"},"inLanguage":"pt-PT","potentialAction":[{"@type":"ReadAction","target":["https:\/\/www.sauteriberica.com\/pt-pt\/"]}]},{"@type":"BreadcrumbList","@id":"https:\/\/www.sauteriberica.com\/pt-pt\/#breadcrumb","itemListElement":[{"@type":"ListItem","position":1,"name":"Home","item":"https:\/\/www.sauteriberica.com\/pt-pt\/"},{"@type":"ListItem","position":2,"name":"Homepage"}]},{"@type":"WebSite","@id":"https:\/\/www.sauteriberica.com\/#website","url":"https:\/\/www.sauteriberica.com\/","name":"Sauter Ib\u00e9rica","description":"Just another Sauter Controls site","potentialAction":[{"@type":"SearchAction","target":{"@type":"EntryPoint","urlTemplate":"https:\/\/www.sauteriberica.com\/?s={search_term_string}"},"query-input":{"@type":"PropertyValueSpecification","valueRequired":true,"valueName":"search_term_string"}}],"inLanguage":"pt-PT"}]}},"_links":{"self":[{"href":"https:\/\/www.sauteriberica.com\/pt-pt\/wp-json\/wp\/v2\/pages\/1103","targetHints":{"allow":["GET"]}}],"collection":[{"href":"https:\/\/www.sauteriberica.com\/pt-pt\/wp-json\/wp\/v2\/pages"}],"about":[{"href":"https:\/\/www.sauteriberica.com\/pt-pt\/wp-json\/wp\/v2\/types\/page"}],"author":[{"embeddable":true,"href":"https:\/\/www.sauteriberica.com\/pt-pt\/wp-json\/wp\/v2\/users\/1"}],"replies":[{"embeddable":true,"href":"https:\/\/www.sauteriberica.com\/pt-pt\/wp-json\/wp\/v2\/comments?post=1103"}],"version-history":[{"count":11,"href":"https:\/\/www.sauteriberica.com\/pt-pt\/wp-json\/wp\/v2\/pages\/1103\/revisions"}],"predecessor-version":[{"id":2985,"href":"https:\/\/www.sauteriberica.com\/pt-pt\/wp-json\/wp\/v2\/pages\/1103\/revisions\/2985"}],"wp:attachment":[{"href":"https:\/\/www.sauteriberica.com\/pt-pt\/wp-json\/wp\/v2\/media?parent=1103"}],"curies":[{"name":"wp","href":"https:\/\/api.w.org\/{rel}","templated":true}]}}