{"id":1054,"date":"2018-10-17T10:24:43","date_gmt":"2018-10-17T10:24:43","guid":{"rendered":"https:\/\/dev.sauteriberica.com\/companias\/acerca-de-nosotros\/"},"modified":"2026-04-01T12:43:33","modified_gmt":"2026-04-01T12:43:33","slug":"sobre-nos","status":"publish","type":"page","link":"https:\/\/www.sauteriberica.com\/pt-pt\/empresa\/sobre-nos\/","title":{"rendered":"Sobre n\u00f3s"},"content":{"rendered":"","protected":false},"excerpt":{"rendered":"","protected":false},"author":1,"featured_media":0,"parent":1037,"menu_order":0,"comment_status":"closed","ping_status":"closed","template":"page-uber-uns.php","meta":{"_acf_changed":false,"footnotes":""},"class_list":["post-1054","page","type-page","status-publish","hentry"],"acf":[],"yoast_head":"<!-- This site is optimized with the Yoast SEO plugin v26.1.1 - https:\/\/yoast.com\/wordpress\/plugins\/seo\/ -->\n<title>Sobre n\u00f3s - Grupo SAUTER<\/title>\n<meta name=\"description\" content=\"Encontre informa\u00e7\u00f5es sobre a nossa empresa e as nossas principais compet\u00eancias: Engenharia de instala\u00e7\u00f5es \u2713 Integra\u00e7\u00e3o de sistemas \u2713 Gest\u00e3o de instala\u00e7\u00f5es t\u00e9cnicas \u2713 Produtos para regula\u00e7\u00e3o e controlo \u2713\" \/>\n<meta name=\"robots\" content=\"index, follow, max-snippet:-1, max-image-preview:large, max-video-preview:-1\" \/>\n<link rel=\"canonical\" href=\"https:\/\/www.sauteriberica.com\/pt-pt\/empresa\/sobre-nos\/\" \/>\n<meta property=\"og:locale\" content=\"pt_PT\" \/>\n<meta property=\"og:type\" content=\"article\" \/>\n<meta property=\"og:title\" content=\"Sobre n\u00f3s - Grupo SAUTER\" \/>\n<meta property=\"og:description\" content=\"Encontre informa\u00e7\u00f5es sobre a nossa empresa e as nossas principais compet\u00eancias: Engenharia de instala\u00e7\u00f5es \u2713 Integra\u00e7\u00e3o de sistemas \u2713 Gest\u00e3o de instala\u00e7\u00f5es t\u00e9cnicas \u2713 Produtos para regula\u00e7\u00e3o e controlo \u2713\" \/>\n<meta property=\"og:url\" content=\"https:\/\/www.sauteriberica.com\/pt-pt\/empresa\/sobre-nos\/\" \/>\n<meta property=\"og:site_name\" content=\"Sauter Ib\u00e9rica\" \/>\n<meta property=\"article:modified_time\" content=\"2026-04-01T12:43:33+00:00\" \/>\n<meta name=\"twitter:card\" content=\"summary_large_image\" \/>\n<script type=\"application\/ld+json\" class=\"yoast-schema-graph\">{\"@context\":\"https:\/\/schema.org\",\"@graph\":[{\"@type\":\"WebPage\",\"@id\":\"https:\/\/www.sauteriberica.com\/pt-pt\/empresa\/sobre-nos\/\",\"url\":\"https:\/\/www.sauteriberica.com\/pt-pt\/empresa\/sobre-nos\/\",\"name\":\"Sobre n\u00f3s - Grupo SAUTER\",\"isPartOf\":{\"@id\":\"https:\/\/www.sauteriberica.com\/#website\"},\"datePublished\":\"2018-10-17T10:24:43+00:00\",\"dateModified\":\"2026-04-01T12:43:33+00:00\",\"description\":\"Encontre informa\u00e7\u00f5es sobre a nossa empresa e as nossas principais compet\u00eancias: Engenharia de instala\u00e7\u00f5es \u2713 Integra\u00e7\u00e3o de sistemas \u2713 Gest\u00e3o de instala\u00e7\u00f5es t\u00e9cnicas \u2713 Produtos para regula\u00e7\u00e3o e controlo \u2713\",\"breadcrumb\":{\"@id\":\"https:\/\/www.sauteriberica.com\/pt-pt\/empresa\/sobre-nos\/#breadcrumb\"},\"inLanguage\":\"pt-PT\",\"potentialAction\":[{\"@type\":\"ReadAction\",\"target\":[\"https:\/\/www.sauteriberica.com\/pt-pt\/empresa\/sobre-nos\/\"]}]},{\"@type\":\"BreadcrumbList\",\"@id\":\"https:\/\/www.sauteriberica.com\/pt-pt\/empresa\/sobre-nos\/#breadcrumb\",\"itemListElement\":[{\"@type\":\"ListItem\",\"position\":1,\"name\":\"Home\",\"item\":\"https:\/\/www.sauteriberica.com\/pt-pt\/\"},{\"@type\":\"ListItem\",\"position\":2,\"name\":\"Empresa\",\"item\":\"https:\/\/www.sauteriberica.com\/pt-pt\/empresa\/\"},{\"@type\":\"ListItem\",\"position\":3,\"name\":\"Sobre n\u00f3s\"}]},{\"@type\":\"WebSite\",\"@id\":\"https:\/\/www.sauteriberica.com\/#website\",\"url\":\"https:\/\/www.sauteriberica.com\/\",\"name\":\"Sauter Ib\u00e9rica\",\"description\":\"Just another Sauter Controls site\",\"potentialAction\":[{\"@type\":\"SearchAction\",\"target\":{\"@type\":\"EntryPoint\",\"urlTemplate\":\"https:\/\/www.sauteriberica.com\/?s={search_term_string}\"},\"query-input\":{\"@type\":\"PropertyValueSpecification\",\"valueRequired\":true,\"valueName\":\"search_term_string\"}}],\"inLanguage\":\"pt-PT\"}]}<\/script>\n<!-- \/ Yoast SEO plugin. -->","yoast_head_json":{"title":"Sobre n\u00f3s - Grupo SAUTER","description":"Encontre informa\u00e7\u00f5es sobre a nossa empresa e as nossas principais compet\u00eancias: Engenharia de instala\u00e7\u00f5es \u2713 Integra\u00e7\u00e3o de sistemas \u2713 Gest\u00e3o de instala\u00e7\u00f5es t\u00e9cnicas \u2713 Produtos para regula\u00e7\u00e3o e controlo \u2713","robots":{"index":"index","follow":"follow","max-snippet":"max-snippet:-1","max-image-preview":"max-image-preview:large","max-video-preview":"max-video-preview:-1"},"canonical":"https:\/\/www.sauteriberica.com\/pt-pt\/empresa\/sobre-nos\/","og_locale":"pt_PT","og_type":"article","og_title":"Sobre n\u00f3s - Grupo SAUTER","og_description":"Encontre informa\u00e7\u00f5es sobre a nossa empresa e as nossas principais compet\u00eancias: Engenharia de instala\u00e7\u00f5es \u2713 Integra\u00e7\u00e3o de sistemas \u2713 Gest\u00e3o de instala\u00e7\u00f5es t\u00e9cnicas \u2713 Produtos para regula\u00e7\u00e3o e controlo \u2713","og_url":"https:\/\/www.sauteriberica.com\/pt-pt\/empresa\/sobre-nos\/","og_site_name":"Sauter Ib\u00e9rica","article_modified_time":"2026-04-01T12:43:33+00:00","twitter_card":"summary_large_image","schema":{"@context":"https:\/\/schema.org","@graph":[{"@type":"WebPage","@id":"https:\/\/www.sauteriberica.com\/pt-pt\/empresa\/sobre-nos\/","url":"https:\/\/www.sauteriberica.com\/pt-pt\/empresa\/sobre-nos\/","name":"Sobre n\u00f3s - Grupo SAUTER","isPartOf":{"@id":"https:\/\/www.sauteriberica.com\/#website"},"datePublished":"2018-10-17T10:24:43+00:00","dateModified":"2026-04-01T12:43:33+00:00","description":"Encontre informa\u00e7\u00f5es sobre a nossa empresa e as nossas principais compet\u00eancias: Engenharia de instala\u00e7\u00f5es \u2713 Integra\u00e7\u00e3o de sistemas \u2713 Gest\u00e3o de instala\u00e7\u00f5es t\u00e9cnicas \u2713 Produtos para regula\u00e7\u00e3o e controlo \u2713","breadcrumb":{"@id":"https:\/\/www.sauteriberica.com\/pt-pt\/empresa\/sobre-nos\/#breadcrumb"},"inLanguage":"pt-PT","potentialAction":[{"@type":"ReadAction","target":["https:\/\/www.sauteriberica.com\/pt-pt\/empresa\/sobre-nos\/"]}]},{"@type":"BreadcrumbList","@id":"https:\/\/www.sauteriberica.com\/pt-pt\/empresa\/sobre-nos\/#breadcrumb","itemListElement":[{"@type":"ListItem","position":1,"name":"Home","item":"https:\/\/www.sauteriberica.com\/pt-pt\/"},{"@type":"ListItem","position":2,"name":"Empresa","item":"https:\/\/www.sauteriberica.com\/pt-pt\/empresa\/"},{"@type":"ListItem","position":3,"name":"Sobre n\u00f3s"}]},{"@type":"WebSite","@id":"https:\/\/www.sauteriberica.com\/#website","url":"https:\/\/www.sauteriberica.com\/","name":"Sauter Ib\u00e9rica","description":"Just another Sauter Controls site","potentialAction":[{"@type":"SearchAction","target":{"@type":"EntryPoint","urlTemplate":"https:\/\/www.sauteriberica.com\/?s={search_term_string}"},"query-input":{"@type":"PropertyValueSpecification","valueRequired":true,"valueName":"search_term_string"}}],"inLanguage":"pt-PT"}]}},"_links":{"self":[{"href":"https:\/\/www.sauteriberica.com\/pt-pt\/wp-json\/wp\/v2\/pages\/1054","targetHints":{"allow":["GET"]}}],"collection":[{"href":"https:\/\/www.sauteriberica.com\/pt-pt\/wp-json\/wp\/v2\/pages"}],"about":[{"href":"https:\/\/www.sauteriberica.com\/pt-pt\/wp-json\/wp\/v2\/types\/page"}],"author":[{"embeddable":true,"href":"https:\/\/www.sauteriberica.com\/pt-pt\/wp-json\/wp\/v2\/users\/1"}],"replies":[{"embeddable":true,"href":"https:\/\/www.sauteriberica.com\/pt-pt\/wp-json\/wp\/v2\/comments?post=1054"}],"version-history":[{"count":43,"href":"https:\/\/www.sauteriberica.com\/pt-pt\/wp-json\/wp\/v2\/pages\/1054\/revisions"}],"predecessor-version":[{"id":6411,"href":"https:\/\/www.sauteriberica.com\/pt-pt\/wp-json\/wp\/v2\/pages\/1054\/revisions\/6411"}],"up":[{"embeddable":true,"href":"https:\/\/www.sauteriberica.com\/pt-pt\/wp-json\/wp\/v2\/pages\/1037"}],"wp:attachment":[{"href":"https:\/\/www.sauteriberica.com\/pt-pt\/wp-json\/wp\/v2\/media?parent=1054"}],"curies":[{"name":"wp","href":"https:\/\/api.w.org\/{rel}","templated":true}]}}